{"id":19,"date":"2008-10-07T14:23:07","date_gmt":"2008-10-07T12:23:07","guid":{"rendered":"http:\/\/dh5ym.hopto.org\/wiki\/?page_id=19"},"modified":"2008-10-07T14:23:07","modified_gmt":"2008-10-07T12:23:07","slug":"aufbau-eines-vhf-uhf-diplexers-frequenzweiche","status":"publish","type":"page","link":"https:\/\/dh5ym.hopto.org\/wiki\/?page_id=19","title":{"rendered":"Aufbau eines VHF-\/UHF Diplexers (Frequenzweiche)"},"content":{"rendered":"<p>Da ich einen Diplexer f\u00fcr 2m und 70cm brauchte, um zwei Monoband Transceiver an einer einzelnen Antenne zu betreiben entschloss ich mich das lang gehegte Vorhaben in die Tat umzusetzen. &#8220;Ich baue einen Diplexer !&#8221;&#8230;<br \/>\nBaus\u00e4tze schieden zum einen aus, da sie mir zu teuer waren. Zum anderen lag das Material ja in der Bastelkiste und der Zugriff auf Messtechnik war gew\u00e4hrleistet.<br \/>\nNicht zuletzt wollte ich ja auch etwas lernen.<\/p>\n<p>Als Grundlage dienten die Ver\u00f6ffentlichungen von DF3OJ, daher auch das verwendete Geh\u00e4use. Allerdings wurde die Schaltung ohne Platine in fliegender Ausf\u00fchrung aufgebaut, was offenbar in dem Frequenzbereich bei entsprechend kurzen Anschl\u00fcssen ausreichend ist.<br \/>\nWer mehr wissen will sollte sich das PDF anschauen. Allerdings gibt es den Text nur in Englisch.<\/p>\n<p>Bilder des ge\u00f6ffneten Diplexers gibts <a href=\"..\/..\/diplexer\/thumb.html\">hier<\/a><br \/>\n<a href=\"..\/..\/download\/diplexer.pdf\">Aufbau und Abgleich eines VHF-\/UHF Diplexers<\/a> (PDF, ca. 850kByte)<\/p>\n","protected":false},"excerpt":{"rendered":"<p>Da ich einen Diplexer f\u00fcr 2m und 70cm brauchte, um zwei Monoband Transceiver an einer einzelnen Antenne zu betreiben entschloss ich mich das lang gehegte Vorhaben in die Tat umzusetzen. &#8220;Ich baue einen Diplexer !&#8221;&#8230; Baus\u00e4tze schieden zum einen aus, &hellip; <a href=\"https:\/\/dh5ym.hopto.org\/wiki\/?page_id=19\">Continue reading <span class=\"meta-nav\">&rarr;<\/span><\/a><\/p>\n","protected":false},"author":1,"featured_media":0,"parent":44,"menu_order":0,"comment_status":"open","ping_status":"open","template":"","meta":{"footnotes":""},"class_list":["post-19","page","type-page","status-publish","hentry"],"_links":{"self":[{"href":"https:\/\/dh5ym.hopto.org\/wiki\/index.php?rest_route=\/wp\/v2\/pages\/19","targetHints":{"allow":["GET"]}}],"collection":[{"href":"https:\/\/dh5ym.hopto.org\/wiki\/index.php?rest_route=\/wp\/v2\/pages"}],"about":[{"href":"https:\/\/dh5ym.hopto.org\/wiki\/index.php?rest_route=\/wp\/v2\/types\/page"}],"author":[{"embeddable":true,"href":"https:\/\/dh5ym.hopto.org\/wiki\/index.php?rest_route=\/wp\/v2\/users\/1"}],"replies":[{"embeddable":true,"href":"https:\/\/dh5ym.hopto.org\/wiki\/index.php?rest_route=%2Fwp%2Fv2%2Fcomments&post=19"}],"version-history":[{"count":0,"href":"https:\/\/dh5ym.hopto.org\/wiki\/index.php?rest_route=\/wp\/v2\/pages\/19\/revisions"}],"up":[{"embeddable":true,"href":"https:\/\/dh5ym.hopto.org\/wiki\/index.php?rest_route=\/wp\/v2\/pages\/44"}],"wp:attachment":[{"href":"https:\/\/dh5ym.hopto.org\/wiki\/index.php?rest_route=%2Fwp%2Fv2%2Fmedia&parent=19"}],"curies":[{"name":"wp","href":"https:\/\/api.w.org\/{rel}","templated":true}]}}