{"id":769,"date":"2008-10-06T19:07:55","date_gmt":"2008-10-06T19:07:55","guid":{"rendered":"http:\/\/dh5ym.hopto.org\/wiki\/?page_id=2"},"modified":"2019-05-22T20:06:56","modified_gmt":"2019-05-22T20:06:56","slug":"about","status":"publish","type":"page","link":"http:\/\/dh5ym.hopto.org\/wiki\/?page_id=769","title":{"rendered":"About me &#8230;"},"content":{"rendered":"<table style=\"height: 108px;\" border=\"0\" width=\"497\">\n<tbody>\n<tr>\n<td><span style=\"font-size: medium; color: red;\"><span style=\"font-size: medium; color: red;\">short:<\/span><\/span><\/td>\n<td><span style=\"font-size: small;\"><strong>Mario R\u00f6\u00dfler<br \/>\nat home in Dresden<\/strong><\/span><span style=\"font-size: small;\"><strong> born in Zschopau in the Erzgebirge<br \/>\ngrown up in Grie\u00dfbach near Zschopau<br \/>\nHobbies <a href=\"http:\/\/de.wikipedia.org\/wiki\/Amateurfunkdienst\">Amateur Radio<\/a> (DH5YM, Training Call DN5TA), <a href=\"http:\/\/de.wikipedia.org\/wiki\/Geocaching\">Geocaching<\/a><\/strong> <\/span><\/td>\n<\/tr>\n<\/tbody>\n<\/table>\n<p>I was born in <a href=\"http:\/\/www.zschopau.de\/\">Zschopau<\/a> in the Erzgebirge.<\/p>\n<p>I grew up in a small village named <a href=\"https:\/\/www.gemeinde-drebach.de\/gemeinde\/ortsteile.html\">Grie\u00dfbach<\/a>. I went to school in Scharfenstein, Gro\u00dfolbersdorf and to the <a href=\"https:\/\/gym-zschopau.de\/\">Gymnasium Zschopau.<\/a><br \/>\nAfter the school i had to serve at the german army in <a href=\"http:\/\/www.oberviechtach.de\/\">Oberviechtach<\/a> in the Oberpfalz.<br \/>\nBetween 2001 and 2007 i studied <a href=\"https:\/\/www.tu-chemnitz.de\/etit\/index.php.en\">Informationstechnik (Information Technologies)<\/a> at the Technical University of Chemnitz.<br \/>\nSince the end of my studies i work for a Semiconductor company in Dresden in the field of software defined radio applications.<\/p>\n<p>About my hobby:<br \/>\nIn the age of 12 someone brought two CB walky-talkies. Immediately i got &#8220;infected&#8221; by the radio bacillus. After 3 years in 1996 with almost 15 i got my first amateur license with the callsign DG1YM. Two years later i did the telegraphy exam and got the callsign i still hold, DH5YM.<br \/>\nAmateur radio is a hobby for people interested in radio, the technical aspects ans well as the usage of radio waves. In contrast to CB radio this includes the self-construction of the transmitter and receiver equipment. But before you can start operating your own transmitters you have to successfully pass an exam at the radio regulation authorities and get a so called license.<br \/>\nAfter that you are allowed to participate in worldwide communication in the amateur radio bands that cover alle the wavelengths from longwave, medium- and shortwave over VHF up to the high microwave frequencies. The operation modes vary from traditional telegraphy (CW), phone, video but also low-speed and high-speed data communications.<br \/>\nRadio amateurs also operate own large data and voice networks.<br \/>\nMany radio amateurs in Germany belong to the German Amateur Radio Club (DARC). This club is organized in districts and these are organized in local clubs (Ortsverbaende).<br \/>\nFrom 1997 to June 2007 i did belong to the &#8220;OV&#8221; Annaberg-Buchholz (S48). You can find the page at <a href=\"http:\/\/www.ovs48annabergdarc.de\/\">http:\/\/www.ovs48annabergdarc.de\/. <\/a>Since then my base is the club of the Technical University of Dresden (S07). The Homepage URL is <a href=\"http:\/\/dl0tud.tu-dresden.de\/\">hier<\/a>. Quite some people of S07 (and some others) form the VHF-\/UHF-\/SHF contest group <a href=\"http:\/\/dl0tud.tu-dresden.de\/dm7a\/\">DM7A<\/a>.<\/p>\n<p>You have questions ?<br \/>\n<a href=\"mailto:mario.dh5ym@gmail.com\">Mail to me &#8230;<\/a><\/p>\n","protected":false},"excerpt":{"rendered":"<p>short: Mario R\u00f6\u00dfler at home in Dresden born in Zschopau in the Erzgebirge grown up in Grie\u00dfbach near Zschopau Hobbies Amateur Radio (DH5YM, Training Call DN5TA), Geocaching I was born in Zschopau in the Erzgebirge. I grew up in a &hellip; <a href=\"http:\/\/dh5ym.hopto.org\/wiki\/?page_id=769\">Continue reading <span class=\"meta-nav\">&rarr;<\/span><\/a><\/p>\n","protected":false},"author":2,"featured_media":0,"parent":0,"menu_order":0,"comment_status":"open","ping_status":"open","template":"","meta":{"footnotes":""},"class_list":["post-769","page","type-page","status-publish","hentry"],"_links":{"self":[{"href":"http:\/\/dh5ym.hopto.org\/wiki\/index.php?rest_route=\/wp\/v2\/pages\/769","targetHints":{"allow":["GET"]}}],"collection":[{"href":"http:\/\/dh5ym.hopto.org\/wiki\/index.php?rest_route=\/wp\/v2\/pages"}],"about":[{"href":"http:\/\/dh5ym.hopto.org\/wiki\/index.php?rest_route=\/wp\/v2\/types\/page"}],"author":[{"embeddable":true,"href":"http:\/\/dh5ym.hopto.org\/wiki\/index.php?rest_route=\/wp\/v2\/users\/2"}],"replies":[{"embeddable":true,"href":"http:\/\/dh5ym.hopto.org\/wiki\/index.php?rest_route=%2Fwp%2Fv2%2Fcomments&post=769"}],"version-history":[{"count":6,"href":"http:\/\/dh5ym.hopto.org\/wiki\/index.php?rest_route=\/wp\/v2\/pages\/769\/revisions"}],"predecessor-version":[{"id":2169,"href":"http:\/\/dh5ym.hopto.org\/wiki\/index.php?rest_route=\/wp\/v2\/pages\/769\/revisions\/2169"}],"wp:attachment":[{"href":"http:\/\/dh5ym.hopto.org\/wiki\/index.php?rest_route=%2Fwp%2Fv2%2Fmedia&parent=769"}],"curies":[{"name":"wp","href":"https:\/\/api.w.org\/{rel}","templated":true}]}}