{"id":56,"date":"2008-10-07T19:26:08","date_gmt":"2008-10-07T17:26:08","guid":{"rendered":"http:\/\/dh5ym.hopto.org\/wiki\/?page_id=56"},"modified":"2008-10-07T19:26:08","modified_gmt":"2008-10-07T17:26:08","slug":"eeprom-programmer","status":"publish","type":"page","link":"http:\/\/dh5ym.hopto.org\/wiki\/?page_id=56","title":{"rendered":"EEProm Programmer"},"content":{"rendered":"<p>Eprom-Programmierger\u00e4t f\u00fcr Terminal-Betrieb an der seriellen Schnittstelle:<br \/>\nDas Ger\u00e4t befindet sich hier im teilbest\u00fcckten Zustand. Leider ist das Bild leicht unscharf &#8230;<br \/>\n<img decoding=\"async\" src=\"..\/..\/bilder\/epromer_teil.jpg\" alt=\"\" \/><br \/>\nUnd hier nun nochmal fertig aufgebaut:<br \/>\nFunktioniert wirklich tadellos, sofern man nicht das XP-Hyperterminal benutzt :-)<br \/>\n<img decoding=\"async\" src=\"..\/..\/bilder\/eprom_prog.jpg\" alt=\"\" \/><\/p>\n","protected":false},"excerpt":{"rendered":"<p>Eprom-Programmierger\u00e4t f\u00fcr Terminal-Betrieb an der seriellen Schnittstelle: Das Ger\u00e4t befindet sich hier im teilbest\u00fcckten Zustand. Leider ist das Bild leicht unscharf &#8230; Und hier nun nochmal fertig aufgebaut: Funktioniert wirklich tadellos, sofern man nicht das XP-Hyperterminal benutzt :-)<\/p>\n","protected":false},"author":1,"featured_media":0,"parent":107,"menu_order":0,"comment_status":"open","ping_status":"open","template":"","meta":{"footnotes":""},"class_list":["post-56","page","type-page","status-publish","hentry"],"_links":{"self":[{"href":"http:\/\/dh5ym.hopto.org\/wiki\/index.php?rest_route=\/wp\/v2\/pages\/56","targetHints":{"allow":["GET"]}}],"collection":[{"href":"http:\/\/dh5ym.hopto.org\/wiki\/index.php?rest_route=\/wp\/v2\/pages"}],"about":[{"href":"http:\/\/dh5ym.hopto.org\/wiki\/index.php?rest_route=\/wp\/v2\/types\/page"}],"author":[{"embeddable":true,"href":"http:\/\/dh5ym.hopto.org\/wiki\/index.php?rest_route=\/wp\/v2\/users\/1"}],"replies":[{"embeddable":true,"href":"http:\/\/dh5ym.hopto.org\/wiki\/index.php?rest_route=%2Fwp%2Fv2%2Fcomments&post=56"}],"version-history":[{"count":0,"href":"http:\/\/dh5ym.hopto.org\/wiki\/index.php?rest_route=\/wp\/v2\/pages\/56\/revisions"}],"up":[{"embeddable":true,"href":"http:\/\/dh5ym.hopto.org\/wiki\/index.php?rest_route=\/wp\/v2\/pages\/107"}],"wp:attachment":[{"href":"http:\/\/dh5ym.hopto.org\/wiki\/index.php?rest_route=%2Fwp%2Fv2%2Fmedia&parent=56"}],"curies":[{"name":"wp","href":"https:\/\/api.w.org\/{rel}","templated":true}]}}