{"id":40,"date":"2008-10-07T16:21:57","date_gmt":"2008-10-07T14:21:57","guid":{"rendered":"http:\/\/dh5ym.hopto.org\/wiki\/?page_id=40"},"modified":"2008-10-07T16:21:57","modified_gmt":"2008-10-07T14:21:57","slug":"sstv","status":"publish","type":"page","link":"http:\/\/dh5ym.hopto.org\/wiki\/?page_id=40","title":{"rendered":"SSTV"},"content":{"rendered":"<p>Wem einmal das blose Sprechen mit dem Gegen\u00fcber zu langweilig wird,  dem bietet sich im Amateurfunk eine interessante Betriebsart.<br \/>\nSSTV bedeutet &#8220;Slow Scan Television&#8221;, also &#8220;langsam abtastende Bild\u00fcbertragung&#8221;.  Hierbei handelt es sich um ein Verfahren zur Standbild\u00fcbertragung auf einem  Sprachkanal, also mit relativ geringer Bandbreite.<br \/>\nMit dieser Betriebsart ist es m\u00f6glich z.B. auf Kurzwelle weltweit mit anderen   Funkamateuren drahtlos Bilder auszutauschen.  Es ist faszinierend, zu sehen wie Zeile f\u00fcr Zeile ein Bild vom Gegen\u00fcber auf  den eigenen Bildschirm gezeichnet wird&#8230;<\/p>\n<li>Zur Geschichte<\/li>\n<p>SSTV ist eine v\u00f6llig eigenst\u00e4ndig im Amateurfunk entwickelte Betriebsart.  Die ersten Ideen stammten aus den USA und wurden im Jahr 1958 dort ver\u00f6ffentlicht.  Doch erst im Jahr 1960 erfolgten, mit Sondergenehmigung, erste Versuchssendungen, denen  Tests im US-Amerikanischen CB-Band vorrausgegangen waren.  Diese ersten Amateurfunk SSTV Signale wurden damals auch \u00fcber den Atlantik empfangen.  In Deutschland gab es im Jahr 1972 erste SSTV Versuche f\u00fcr die meist Nachleuchtr\u00f6hren  aus Radar-Best\u00e4nden verwendet wurden. Sp\u00e4ter kamen dann die ersten Ger\u00e4te hinzu   die es erlaubten das Bild auf einem TV-Bildschirm darzustellen.  Man brauchte also keinen extra abgedunkelten Raum mehr um etwas zu erkennen.  Mit der Zeit hielt auch der PC Einzug in diese faszinierende Betriebsart.  Zun\u00e4chst wurde das Signal \u00fcber einfache Schaltungen an der seriellen Schnittstelle  dekodiert und in j\u00fcngster Zeit meistens mittels der DSP der Soundkarte.<\/p>\n<li>Die alte MIR &#8230;<br \/>\nAuch auf der Raumstation MIR war SSTV Equipment an Board. Dieses sendete im 2m Band automatisch  und zyklisch von einer Kamera aufgenommene Bilder im 32 Sekunde Robot Verfahren aus.  Man konnte das Signal leicht mit einem Rundstrahler empfangen und dekodieren.  F\u00fcr die ISS ist wieder ein \u00e4hnliches Projekt geplant.  Hier 3 Bilder, die ich selbst mitgeschrieben habe&#8230;<\/p>\n<table border=\"0\">\n<tbody>\n<tr>\n<td><img decoding=\"async\" src=\"..\/..\/bilder\/MIR21022.JPG\" alt=\"\" \/><\/td>\n<td><img decoding=\"async\" src=\"..\/..\/bilder\/MIR3104.JPG\" alt=\"\" \/><\/td>\n<\/tr>\n<tr>\n<td><img decoding=\"async\" src=\"..\/..\/bilder\/MIRXX021.JPG\" alt=\"\" \/><\/td>\n<td><img decoding=\"async\" src=\"..\/..\/bilder\/MIR28022.JPG\" alt=\"\" \/><\/td>\n<\/tr>\n<\/tbody>\n<\/table>\n<\/li>\n<li>DIGITAL-SSTV<br \/>\nIn den letzten Jahren wurde verstaerkt mit digitalen Verfahren zur Bild\u00fcbertragung experimentiert. Es entstanden einige Programme, welche es erlauben Dateien, unter anderem eben auch Bilder, als Datenstrom \u00fcber einen Funkkanal zu schicken. Mittlerweile wird eine Version der OFDM (Orthogonal Frequency Division Multiplex) als Modulationsart benutzt, bei der die Informationen auf viele einzelne Subtr\u00e4ger verteilt werden. Diese Modulationsart findet auch im digitalen Kurzwellen-Rundfunk <a href=\"http:\/\/www.drm.org\/\">DRM<\/a> Verwendung. F\u00fcr digitales SSTV im Amateurfunk verwendete Programme sind z.B.:<br \/>\n<a href=\"http:\/\/planeta.terra.com.br\/lazer\/py4zbz\/hdsstv\/teste1.html#digtrx\"> DigTRX <\/a> von PY4ZBZ&#8230; Damit lassen sich mittels eines PC mit Soundkarte (min. 1GHz empfohlen) Bilder und Files bis 64kbyte \u00fcbertragen.<br \/>\nIm unteren Teil der Seite gibt es Hinweise auf English.. F\u00fcr alle des Portugiesisch Unkundigen :-)<br \/>\nWeiterhin: <a href=\"http:\/\/n1su.com\/windrm\">WinDRM<\/a> als weiterer Vertreter dieser Gattung und<br \/>\n<a href=\"http:\/\/www.tima.com\/%7Edjones\/hampal.htm\">HamPAL<\/a>von VK4AES<br \/>\nUnd bei <a href=\"http:\/\/www.svs.net\/wyman\/examples\/hdsstv\/index.html\">KB9VAK<\/a> gibts noch Informationen auf English. Weiterhin: Linux, sowie Windows Versionen der Kommandozeilen-Konverter-Tools f\u00fcr den digitalen SSTV-Betrieb.<\/p>\n<hr \/>\n<p>Wenn ich mal dazu komme schreibe ich diese Seite auch weiter &#8230;<br \/>\nDerweil bekommt man ein sehr gutes SSTV-Programm f\u00fcr Windoof auf <a href=\"http:\/\/mmhamsoft.ham-radio.ch\/\">http:\/\/mmhamsoft.ham-radio.ch\/<\/a><br \/>\nSystemvorraussetzungen sind Rechner ab ca. 100MHz, 16bit Soundkarte, Win95  oder h\u00f6her und   last but not least ein geeigneter Empf\u00e4nger &#8230; VielSpass !<\/li>\n","protected":false},"excerpt":{"rendered":"<p>Wem einmal das blose Sprechen mit dem Gegen\u00fcber zu langweilig wird, dem bietet sich im Amateurfunk eine interessante Betriebsart. SSTV bedeutet &#8220;Slow Scan Television&#8221;, also &#8220;langsam abtastende Bild\u00fcbertragung&#8221;. Hierbei handelt es sich um ein Verfahren zur Standbild\u00fcbertragung auf einem Sprachkanal, &hellip; <a href=\"http:\/\/dh5ym.hopto.org\/wiki\/?page_id=40\">Continue reading <span class=\"meta-nav\">&rarr;<\/span><\/a><\/p>\n","protected":false},"author":1,"featured_media":0,"parent":110,"menu_order":0,"comment_status":"open","ping_status":"open","template":"","meta":{"footnotes":""},"class_list":["post-40","page","type-page","status-publish","hentry"],"_links":{"self":[{"href":"http:\/\/dh5ym.hopto.org\/wiki\/index.php?rest_route=\/wp\/v2\/pages\/40","targetHints":{"allow":["GET"]}}],"collection":[{"href":"http:\/\/dh5ym.hopto.org\/wiki\/index.php?rest_route=\/wp\/v2\/pages"}],"about":[{"href":"http:\/\/dh5ym.hopto.org\/wiki\/index.php?rest_route=\/wp\/v2\/types\/page"}],"author":[{"embeddable":true,"href":"http:\/\/dh5ym.hopto.org\/wiki\/index.php?rest_route=\/wp\/v2\/users\/1"}],"replies":[{"embeddable":true,"href":"http:\/\/dh5ym.hopto.org\/wiki\/index.php?rest_route=%2Fwp%2Fv2%2Fcomments&post=40"}],"version-history":[{"count":0,"href":"http:\/\/dh5ym.hopto.org\/wiki\/index.php?rest_route=\/wp\/v2\/pages\/40\/revisions"}],"up":[{"embeddable":true,"href":"http:\/\/dh5ym.hopto.org\/wiki\/index.php?rest_route=\/wp\/v2\/pages\/110"}],"wp:attachment":[{"href":"http:\/\/dh5ym.hopto.org\/wiki\/index.php?rest_route=%2Fwp%2Fv2%2Fmedia&parent=40"}],"curies":[{"name":"wp","href":"https:\/\/api.w.org\/{rel}","templated":true}]}}