{"id":1104,"date":"2018-05-13T22:52:20","date_gmt":"2018-05-13T22:52:20","guid":{"rendered":"http:\/\/dh5ym.hopto.org\/wiki\/?page_id=1104"},"modified":"2018-09-18T13:01:21","modified_gmt":"2018-09-18T13:01:21","slug":"impressum","status":"publish","type":"page","link":"http:\/\/dh5ym.hopto.org\/wiki\/?page_id=1104","title":{"rendered":"Impressum"},"content":{"rendered":"<p><b>Impressum<\/b><\/p>\n<p><b><i>Verantwortlich f\\\u00fcr diese Seite <\/i><\/b><\/p>\n<p>Mario R\u00f6\u00dfler<br \/>\nLudwig-Kossuth-Str. 14<br \/>\n01109 Dresden<\/p>\n<p><b><i>Kontakt:<\/i><\/b><\/p>\n<p>Telefon: 01577 \/ 1705697<br \/>\ne-Mail: dh5ym@darc.de<br \/>\nWebsite: http:\/\/dh5ym.hopto.org<\/p>\n<p>Es handelt sich um eine rein private Seite ohne kommerzielle Absichten.<\/p>\n<p><i><b>Verantwortlich nach \u00a7 6 Abs.2 MDStV<\/b><\/i><\/p>\n<p>Mario R\u00f6\u00dfler<br \/>\nLudwig-Kossuth-Str. 14<br \/>\n01109 Dresden<\/p>\n<p>Quelle: <a href=\"http:\/\/www.suchmaschinen-online.de\/muster-impressum.htm\" target=\"_blank\" rel=\"noopener\">http:\/\/www.suchmaschinen-online.de\/muster-impressum.htm <\/a><\/p>\n<p><b>Haftung f\u00fcr Inhalte<\/b><\/p>\n<p>Als Diensteanbieter bin ich gem\u00e4\u00df \u00a7 7 Abs.1 TMG f\u00fcr<br \/>\neigene Inhalte auf diesen Seiten nach den allgemeinen Gesetzen verantwortlich.<br \/>\nNach \u00a7\u00a7 8 bis 10 TMG bin ich als Diensteanbieter jedoch nicht<br \/>\nverpflichtet, \u00fcbermittelte oder gespeicherte fremde Informationen zu<br \/>\n\u00fcberwachen oder nach Umst\u00e4nden zu forschen, die auf eine rechtswidrige<br \/>\nT\u00e4tigkeit hinweisen. Verpflichtungen zur Entfernung oder Sperrung der<br \/>\nNutzung von Informationen nach den allgemeinen Gesetzen bleiben hiervon<br \/>\nunber\u00fchrt. Eine diesbez\u00fcgliche Haftung ist jedoch erst ab dem<br \/>\nZeitpunkt der Kenntnis einer konkreten Rechtsverletzung m\u00f6glich. Bei<br \/>\nBekanntwerden von entsprechenden Rechtsverletzungen werde ich diese Inhalte<br \/>\numgehend entfernen.<\/p>\n<p><b>Haftung f\u00fcr Links<\/b><\/p>\n<p>Mein Angebot enth\u00e4lt Links zu externen Webseiten Dritter, auf deren<br \/>\nInhalte ich keinen Einfluss habe. Deshalb kann ich f\u00fcr diese<br \/>\nfremden Inhalte auch keine Gew\u00e4hr \u00fcbernehmen. F\u00fcr die Inhalte<br \/>\nder verlinkten Seiten ist stets der jeweilige Anbieter oder Betreiber der<br \/>\nSeiten verantwortlich. Die verlinkten Seiten wurden zum Zeitpunkt der Verlinkung<br \/>\nauf m\u00f6gliche Rechtsverst\u00f6\u00dfe \u00fcberpr\u00fcft. Rechtswidrige<br \/>\nInhalte waren zum Zeitpunkt der Verlinkung nicht erkennbar. Eine permanente<br \/>\ninhaltliche Kontrolle der verlinkten Seiten ist jedoch ohne konkrete Anhaltspunkte<br \/>\neiner Rechtsverletzung nicht zumutbar. Bei Bekanntwerden von Rechtsverletzungen<br \/>\nwerde ich derartige Links umgehend entfernen.<\/p>\n<p><b>Urheberrecht<\/b><\/p>\n<p>Die durch den Seitenbetreiber erstellten Inhalte und Werke auf diesen Seiten<br \/>\nunterliegen dem deutschen Urheberrecht. Die Vervielf\u00e4ltigung, Bearbeitung, Verbreitung und<br \/>\njede Art der Verwertung au\u00dferhalb der Grenzen des Urheberrechtes bed\u00fcrfen<br \/>\nder schriftlichen Zustimmung des jeweiligen Autors bzw. Erstellers. Downloads<br \/>\nund Kopien dieser Seite sind nur f\u00fcr den privaten, nicht kommerziellen<br \/>\nGebrauch gestattet. Soweit die Inhalte auf dieser Seite nicht vom Betreiber erstellt wurden,<br \/>\nwerden die Urheberrechte Dritter beachtet. Insbesondere werden Inhalte Dritter als solche<br \/>\ngekennzeichnet. Sollten Sie trotzdem auf eine Urheberrechtsverletzung aufmerksam werden, bitte ich um einen entsprechenden Hinweis.<br \/>\nBei Bekanntwerden von Rechtsverletzungen werde ich derartige Inhalte umgehend entfernen.<\/p>\n<p><i>Quellenangaben: <\/i><a href=\"http:\/\/www.e-recht24.de\/muster-disclaimer.html\" target=\"_blank\" rel=\"nofollow noopener\"><i>eRecht24 Disclaimer<\/i><\/a><\/p>\n","protected":false},"excerpt":{"rendered":"<p>Impressum Verantwortlich f\\\u00fcr diese Seite Mario R\u00f6\u00dfler Ludwig-Kossuth-Str. 14 01109 Dresden Kontakt: Telefon: 01577 \/ 1705697 e-Mail: dh5ym@darc.de Website: http:\/\/dh5ym.hopto.org Es handelt sich um eine rein private Seite ohne kommerzielle Absichten. Verantwortlich nach \u00a7 6 Abs.2 MDStV Mario R\u00f6\u00dfler Ludwig-Kossuth-Str. &hellip; <a href=\"http:\/\/dh5ym.hopto.org\/wiki\/?page_id=1104\">Continue reading <span class=\"meta-nav\">&rarr;<\/span><\/a><\/p>\n","protected":false},"author":1,"featured_media":0,"parent":0,"menu_order":0,"comment_status":"closed","ping_status":"closed","template":"","meta":{"footnotes":""},"class_list":["post-1104","page","type-page","status-publish","hentry"],"_links":{"self":[{"href":"http:\/\/dh5ym.hopto.org\/wiki\/index.php?rest_route=\/wp\/v2\/pages\/1104","targetHints":{"allow":["GET"]}}],"collection":[{"href":"http:\/\/dh5ym.hopto.org\/wiki\/index.php?rest_route=\/wp\/v2\/pages"}],"about":[{"href":"http:\/\/dh5ym.hopto.org\/wiki\/index.php?rest_route=\/wp\/v2\/types\/page"}],"author":[{"embeddable":true,"href":"http:\/\/dh5ym.hopto.org\/wiki\/index.php?rest_route=\/wp\/v2\/users\/1"}],"replies":[{"embeddable":true,"href":"http:\/\/dh5ym.hopto.org\/wiki\/index.php?rest_route=%2Fwp%2Fv2%2Fcomments&post=1104"}],"version-history":[{"count":7,"href":"http:\/\/dh5ym.hopto.org\/wiki\/index.php?rest_route=\/wp\/v2\/pages\/1104\/revisions"}],"predecessor-version":[{"id":2094,"href":"http:\/\/dh5ym.hopto.org\/wiki\/index.php?rest_route=\/wp\/v2\/pages\/1104\/revisions\/2094"}],"wp:attachment":[{"href":"http:\/\/dh5ym.hopto.org\/wiki\/index.php?rest_route=%2Fwp%2Fv2%2Fmedia&parent=1104"}],"curies":[{"name":"wp","href":"https:\/\/api.w.org\/{rel}","templated":true}]}}